{"id":1973,"date":"2020-01-09T12:41:51","date_gmt":"2020-01-09T12:41:51","guid":{"rendered":"http:\/\/www.hepaoffice.com.tr\/?page_id=1973"},"modified":"2020-01-09T12:45:03","modified_gmt":"2020-01-09T12:45:03","slug":"szolgaltatasaink","status":"publish","type":"page","link":"https:\/\/www.hepaoffice.com.tr\/hu\/szolgaltatasaink\/","title":{"rendered":"Szolg\u00e1ltat\u00e1saink"},"content":{"rendered":"<div class=\"wpb-content-wrapper\"><p>[vc_row][vc_column][vc_custom_heading text=&#8221;Az HEPA OFFICE, a magyar, t\u00f6r\u00f6k \u00e9s g\u00f6r\u00f6g c\u00e9gek k\u00f6z\u00f6tti kereskedelmi kapcsolatok kialak\u00edt\u00e1sa \u00e9s fejleszt\u00e9se \u00e9rdek\u00e9ben az al\u00e1bbi tev\u00e9kenys\u00e9geket folytatja:<\/p>\n<p>&#8221; font_container=&#8221;tag:h4|text_align:left&#8221; use_theme_fonts=&#8221;yes&#8221;][vc_empty_space height=&#8221;22px&#8221;]<div class=\"standard-arrow bullet-top\"><ul>\n<li>Szektori\u00e1lis \u00e9s term\u00e9k alap\u00fa piackutat\u00e1sok k\u00e9sz\u00edt\u00e9se a magyar export, illetve a t\u00f6r\u00f6k befektet\u00e9sek \u00f6szt\u00f6nz\u00e9se c\u00e9lj\u00e1b\u00f3l<\/li>\n<li>A t\u00f6r\u00f6korsz\u00e1gi piacra bel\u00e9pni k\u00edv\u00e1n\u00f3 magyar v\u00e1llalatok sz\u00e1m\u00e1ra megfelel\u0151 partner keres\u00e9se<\/li>\n<li>Magyarorsz\u00e1gr\u00f3l term\u00e9ket export\u00e1lni k\u00edv\u00e1n\u00f3 t\u00f6r\u00f6k v\u00e1llalatok sz\u00e1m\u00e1ra megfelel\u0151 besz\u00e1ll\u00edt\u00f3 megtal\u00e1l\u00e1sa<\/li>\n<li>B2B tal\u00e1lkoz\u00f3k megszervez\u00e9se \u00e9s t\u00e1mogat\u00e1sa<\/li>\n<li>A t\u00f6r\u00f6k v\u00e1llalatok magyarorsz\u00e1gi v\u00e1s\u00e1rokon val\u00f3 r\u00e9szv\u00e9tel\u00e9nek t\u00e1mogat\u00e1sa<\/li>\n<li>Magyar v\u00e1llalatok seg\u00edt\u00e9se a t\u00f6r\u00f6korsz\u00e1gi v\u00e1s\u00e1rokon t\u00f6rt\u00e9n\u0151 r\u00e9szv\u00e9telben<\/li>\n<li>A t\u00f6r\u00f6korsz\u00e1gi irod\u00e1val nem rendelkez\u0151 magyar tagc\u00e9gek k\u00e9pviselete<\/li>\n<li>A t\u00f6r\u00f6k v\u00e1llalatok t\u00e1j\u00e9koztat\u00e1sa a magyarorsz\u00e1gi beruh\u00e1z\u00e1si lehet\u0151s\u00e9gekr\u0151l<\/li>\n<li>A Magyar Eximbank \u00e1ltal t\u00e1mogatott k\u00fclkereskedelmi finansz\u00edroz\u00e1sok biztos\u00edt\u00e1sa<\/li>\n<li>Magyarorsz\u00e1g kultur\u00e1lis \u00e9s t\u00f6rt\u00e9nelmi \u00e9rt\u00e9keinek, valamint f\u00f6ldrajzi adotts\u00e1gainak prom\u00f3t\u00e1l\u00e1sa, ezzel a turizmus fejleszt\u00e9se.<\/li>\n<\/ul>\n<\/div>[\/vc_column][\/vc_row]<\/p>\n<\/div>","protected":false},"excerpt":{"rendered":"<p>[vc_row][vc_column][vc_custom_heading text=&#8221;Az HEPA OFFICE, a magyar, t\u00f6r\u00f6k \u00e9s g\u00f6r\u00f6g c\u00e9gek k\u00f6z\u00f6tti kereskedelmi kapcsolatok kialak\u00edt\u00e1sa \u00e9s fejleszt\u00e9se \u00e9rdek\u00e9ben az al\u00e1bbi tev\u00e9kenys\u00e9geket folytatja: &#8221; font_container=&#8221;tag:h4|text_align:left&#8221; use_theme_fonts=&#8221;yes&#8221;][vc_empty_space height=&#8221;22px&#8221;][\/vc_column][\/vc_row]<\/p>\n","protected":false},"author":8,"featured_media":1837,"parent":0,"menu_order":0,"comment_status":"closed","ping_status":"closed","template":"","meta":{"h5ap_radio_sources":[],"footnotes":""},"class_list":["post-1973","page","type-page","status-publish","has-post-thumbnail","hentry","description-off"],"yoast_head":"<!-- This site is optimized with the Yoast SEO plugin v26.8 - https:\/\/yoast.com\/product\/yoast-seo-wordpress\/ -->\n<title>Szolg\u00e1ltat\u00e1saink - HEPA Office T\u00fcrkiye<\/title>\n<meta name=\"robots\" content=\"index, follow, max-snippet:-1, max-image-preview:large, max-video-preview:-1\" \/>\n<link rel=\"canonical\" href=\"https:\/\/www.hepaoffice.com.tr\/hu\/szolgaltatasaink\/\" \/>\n<meta property=\"og:locale\" content=\"hu_HU\" \/>\n<meta property=\"og:type\" content=\"article\" \/>\n<meta property=\"og:title\" content=\"Szolg\u00e1ltat\u00e1saink - HEPA Office T\u00fcrkiye\" \/>\n<meta property=\"og:description\" content=\"[vc_row][vc_column][vc_custom_heading text=&#8221;Az HEPA OFFICE, a magyar, t\u00f6r\u00f6k \u00e9s g\u00f6r\u00f6g c\u00e9gek k\u00f6z\u00f6tti kereskedelmi kapcsolatok kialak\u00edt\u00e1sa \u00e9s fejleszt\u00e9se \u00e9rdek\u00e9ben az al\u00e1bbi tev\u00e9kenys\u00e9geket folytatja: &#8221; font_container=&#8221;tag:h4|text_align:left&#8221; use_theme_fonts=&#8221;yes&#8221;][vc_empty_space height=&#8221;22px&#8221;][\/vc_column][\/vc_row]\" \/>\n<meta property=\"og:url\" content=\"https:\/\/www.hepaoffice.com.tr\/hu\/szolgaltatasaink\/\" \/>\n<meta property=\"og:site_name\" content=\"HEPA Office T\u00fcrkiye\" \/>\n<meta property=\"article:modified_time\" content=\"2020-01-09T12:45:03+00:00\" \/>\n<meta property=\"og:image\" content=\"https:\/\/www.hepaoffice.com.tr\/wp-content\/uploads\/2020\/01\/Our_Services_HU.jpg\" \/>\n\t<meta property=\"og:image:width\" content=\"900\" \/>\n\t<meta property=\"og:image:height\" content=\"525\" \/>\n\t<meta property=\"og:image:type\" content=\"image\/jpeg\" \/>\n<meta name=\"twitter:card\" content=\"summary_large_image\" \/>\n<meta name=\"twitter:label1\" content=\"Becs\u00fclt olvas\u00e1si id\u0151\" \/>\n\t<meta name=\"twitter:data1\" content=\"1 perc\" \/>\n<script type=\"application\/ld+json\" class=\"yoast-schema-graph\">{\"@context\":\"https:\/\/schema.org\",\"@graph\":[{\"@type\":\"WebPage\",\"@id\":\"https:\/\/www.hepaoffice.com.tr\/hu\/szolgaltatasaink\/\",\"url\":\"https:\/\/www.hepaoffice.com.tr\/hu\/szolgaltatasaink\/\",\"name\":\"Szolg\u00e1ltat\u00e1saink - HEPA Office T\u00fcrkiye\",\"isPartOf\":{\"@id\":\"https:\/\/www.hepaoffice.com.tr\/#website\"},\"primaryImageOfPage\":{\"@id\":\"https:\/\/www.hepaoffice.com.tr\/hu\/szolgaltatasaink\/#primaryimage\"},\"image\":{\"@id\":\"https:\/\/www.hepaoffice.com.tr\/hu\/szolgaltatasaink\/#primaryimage\"},\"thumbnailUrl\":\"https:\/\/www.hepaoffice.com.tr\/wp-content\/uploads\/2020\/01\/Our_Services_HU.jpg\",\"datePublished\":\"2020-01-09T12:41:51+00:00\",\"dateModified\":\"2020-01-09T12:45:03+00:00\",\"breadcrumb\":{\"@id\":\"https:\/\/www.hepaoffice.com.tr\/hu\/szolgaltatasaink\/#breadcrumb\"},\"inLanguage\":\"hu\",\"potentialAction\":[{\"@type\":\"ReadAction\",\"target\":[\"https:\/\/www.hepaoffice.com.tr\/hu\/szolgaltatasaink\/\"]}]},{\"@type\":\"ImageObject\",\"inLanguage\":\"hu\",\"@id\":\"https:\/\/www.hepaoffice.com.tr\/hu\/szolgaltatasaink\/#primaryimage\",\"url\":\"https:\/\/www.hepaoffice.com.tr\/wp-content\/uploads\/2020\/01\/Our_Services_HU.jpg\",\"contentUrl\":\"https:\/\/www.hepaoffice.com.tr\/wp-content\/uploads\/2020\/01\/Our_Services_HU.jpg\",\"width\":900,\"height\":525},{\"@type\":\"BreadcrumbList\",\"@id\":\"https:\/\/www.hepaoffice.com.tr\/hu\/szolgaltatasaink\/#breadcrumb\",\"itemListElement\":[{\"@type\":\"ListItem\",\"position\":1,\"name\":\"Ana sayfa\",\"item\":\"https:\/\/www.hepaoffice.com.tr\/hu\/\"},{\"@type\":\"ListItem\",\"position\":2,\"name\":\"Szolg\u00e1ltat\u00e1saink\"}]},{\"@type\":\"WebSite\",\"@id\":\"https:\/\/www.hepaoffice.com.tr\/#website\",\"url\":\"https:\/\/www.hepaoffice.com.tr\/\",\"name\":\"HEPA Office T\u00fcrkiye\",\"description\":\"Macaristan \u0130hracat\u0131 Te\u015fvik Ajans\u0131\",\"potentialAction\":[{\"@type\":\"SearchAction\",\"target\":{\"@type\":\"EntryPoint\",\"urlTemplate\":\"https:\/\/www.hepaoffice.com.tr\/?s={search_term_string}\"},\"query-input\":{\"@type\":\"PropertyValueSpecification\",\"valueRequired\":true,\"valueName\":\"search_term_string\"}}],\"inLanguage\":\"hu\"}]}<\/script>\n<!-- \/ Yoast SEO plugin. -->","yoast_head_json":{"title":"Szolg\u00e1ltat\u00e1saink - HEPA Office T\u00fcrkiye","robots":{"index":"index","follow":"follow","max-snippet":"max-snippet:-1","max-image-preview":"max-image-preview:large","max-video-preview":"max-video-preview:-1"},"canonical":"https:\/\/www.hepaoffice.com.tr\/hu\/szolgaltatasaink\/","og_locale":"hu_HU","og_type":"article","og_title":"Szolg\u00e1ltat\u00e1saink - HEPA Office T\u00fcrkiye","og_description":"[vc_row][vc_column][vc_custom_heading text=&#8221;Az HEPA OFFICE, a magyar, t\u00f6r\u00f6k \u00e9s g\u00f6r\u00f6g c\u00e9gek k\u00f6z\u00f6tti kereskedelmi kapcsolatok kialak\u00edt\u00e1sa \u00e9s fejleszt\u00e9se \u00e9rdek\u00e9ben az al\u00e1bbi tev\u00e9kenys\u00e9geket folytatja: &#8221; font_container=&#8221;tag:h4|text_align:left&#8221; use_theme_fonts=&#8221;yes&#8221;][vc_empty_space height=&#8221;22px&#8221;][\/vc_column][\/vc_row]","og_url":"https:\/\/www.hepaoffice.com.tr\/hu\/szolgaltatasaink\/","og_site_name":"HEPA Office T\u00fcrkiye","article_modified_time":"2020-01-09T12:45:03+00:00","og_image":[{"width":900,"height":525,"url":"https:\/\/www.hepaoffice.com.tr\/wp-content\/uploads\/2020\/01\/Our_Services_HU.jpg","type":"image\/jpeg"}],"twitter_card":"summary_large_image","twitter_misc":{"Becs\u00fclt olvas\u00e1si id\u0151":"1 perc"},"schema":{"@context":"https:\/\/schema.org","@graph":[{"@type":"WebPage","@id":"https:\/\/www.hepaoffice.com.tr\/hu\/szolgaltatasaink\/","url":"https:\/\/www.hepaoffice.com.tr\/hu\/szolgaltatasaink\/","name":"Szolg\u00e1ltat\u00e1saink - HEPA Office T\u00fcrkiye","isPartOf":{"@id":"https:\/\/www.hepaoffice.com.tr\/#website"},"primaryImageOfPage":{"@id":"https:\/\/www.hepaoffice.com.tr\/hu\/szolgaltatasaink\/#primaryimage"},"image":{"@id":"https:\/\/www.hepaoffice.com.tr\/hu\/szolgaltatasaink\/#primaryimage"},"thumbnailUrl":"https:\/\/www.hepaoffice.com.tr\/wp-content\/uploads\/2020\/01\/Our_Services_HU.jpg","datePublished":"2020-01-09T12:41:51+00:00","dateModified":"2020-01-09T12:45:03+00:00","breadcrumb":{"@id":"https:\/\/www.hepaoffice.com.tr\/hu\/szolgaltatasaink\/#breadcrumb"},"inLanguage":"hu","potentialAction":[{"@type":"ReadAction","target":["https:\/\/www.hepaoffice.com.tr\/hu\/szolgaltatasaink\/"]}]},{"@type":"ImageObject","inLanguage":"hu","@id":"https:\/\/www.hepaoffice.com.tr\/hu\/szolgaltatasaink\/#primaryimage","url":"https:\/\/www.hepaoffice.com.tr\/wp-content\/uploads\/2020\/01\/Our_Services_HU.jpg","contentUrl":"https:\/\/www.hepaoffice.com.tr\/wp-content\/uploads\/2020\/01\/Our_Services_HU.jpg","width":900,"height":525},{"@type":"BreadcrumbList","@id":"https:\/\/www.hepaoffice.com.tr\/hu\/szolgaltatasaink\/#breadcrumb","itemListElement":[{"@type":"ListItem","position":1,"name":"Ana sayfa","item":"https:\/\/www.hepaoffice.com.tr\/hu\/"},{"@type":"ListItem","position":2,"name":"Szolg\u00e1ltat\u00e1saink"}]},{"@type":"WebSite","@id":"https:\/\/www.hepaoffice.com.tr\/#website","url":"https:\/\/www.hepaoffice.com.tr\/","name":"HEPA Office T\u00fcrkiye","description":"Macaristan \u0130hracat\u0131 Te\u015fvik Ajans\u0131","potentialAction":[{"@type":"SearchAction","target":{"@type":"EntryPoint","urlTemplate":"https:\/\/www.hepaoffice.com.tr\/?s={search_term_string}"},"query-input":{"@type":"PropertyValueSpecification","valueRequired":true,"valueName":"search_term_string"}}],"inLanguage":"hu"}]}},"_links":{"self":[{"href":"https:\/\/www.hepaoffice.com.tr\/hu\/wp-json\/wp\/v2\/pages\/1973","targetHints":{"allow":["GET"]}}],"collection":[{"href":"https:\/\/www.hepaoffice.com.tr\/hu\/wp-json\/wp\/v2\/pages"}],"about":[{"href":"https:\/\/www.hepaoffice.com.tr\/hu\/wp-json\/wp\/v2\/types\/page"}],"author":[{"embeddable":true,"href":"https:\/\/www.hepaoffice.com.tr\/hu\/wp-json\/wp\/v2\/users\/8"}],"replies":[{"embeddable":true,"href":"https:\/\/www.hepaoffice.com.tr\/hu\/wp-json\/wp\/v2\/comments?post=1973"}],"version-history":[{"count":0,"href":"https:\/\/www.hepaoffice.com.tr\/hu\/wp-json\/wp\/v2\/pages\/1973\/revisions"}],"wp:featuredmedia":[{"embeddable":true,"href":"https:\/\/www.hepaoffice.com.tr\/hu\/wp-json\/wp\/v2\/media\/1837"}],"wp:attachment":[{"href":"https:\/\/www.hepaoffice.com.tr\/hu\/wp-json\/wp\/v2\/media?parent=1973"}],"curies":[{"name":"wp","href":"https:\/\/api.w.org\/{rel}","templated":true}]}}