{"id":1969,"date":"2020-01-09T12:34:05","date_gmt":"2020-01-09T12:34:05","guid":{"rendered":"http:\/\/www.hepaoffice.com.tr\/?page_id=1969"},"modified":"2023-04-06T11:44:41","modified_gmt":"2023-04-06T11:44:41","slug":"rolunk","status":"publish","type":"page","link":"https:\/\/www.hepaoffice.com.tr\/hu\/rolunk\/","title":{"rendered":"R\u00f3lunk"},"content":{"rendered":"<div class=\"wpb-content-wrapper\"><p>[vc_row][vc_column][vc_column_text]Az HEPA OFFICE azzal a c\u00e9llal j\u00f6tt l\u00e9tre 2015-ben, hogy a m\u00e9g kiakn\u00e1zatlan lehet\u0151s\u00e9gek \u00e9s szinergi\u00e1k kihaszn\u00e1l\u00e1s\u00e1val hozz\u00e1j\u00e1ruljon Magyarorosz\u00e1g k\u00fclkereskedelmi kapcsolatainak tov\u00e1bbfejleszt\u00e9s\u00e9hez, diverzifik\u00e1l\u00e1s\u00e1hoz egy\u00fcttm\u0171k\u00f6d\u00e9sben T\u00f6r\u00f6korsz\u00e1g egyik vezet\u0151 c\u00e9lcsoportj\u00e1val a Polat Holdinggal.<br \/>\n[\/vc_column_text][vc_column_text]A t\u00e1rsas\u00e1g el\u0151dje \u201cALX Magyar Kereskedelem Fejleszt\u00e9si K\u00f6zpont\u201d n\u00e9vvel 2015-ben j\u00f6tt l\u00e9tre \u00e9s 2016-ban multinacion\u00e1lis k\u00fclkereskedelmi v\u00e1llalatt\u00e1 alakult \u00e1t \u00e9s \u201cHEPA OFFICE\u201d n\u00e9ven folytatta m\u0171k\u00f6d\u00e9s\u00e9t. Az HEPA OFFICE jelenleg a Magyar Nemzeti Keresked\u0151h\u00e1z (MNKH) t\u00f6r\u00f6korsz\u00e1gi \u00e9s g\u00f6r\u00f6gorsz\u00e1gi k\u00e9pvisel\u0151je, a magyarorsz\u00e1gi mikro-, kis- \u00e9s k\u00f6z\u00e9pv\u00e1llalkoz\u00e1sok export lehet\u0151s\u00e9geinek a c\u00e9lorsz\u00e1gokban val\u00f3 b\u0151v\u00edt\u00e9s\u00e9vel, tov\u00e1bb\u00e1 befektetni sz\u00e1nd\u00e9koz\u00f3 v\u00e1llalkoz\u00e1sok, valamint export\u0151r\u00f6k beazonos\u00edt\u00e1s\u00e1val b\u00edzott meg.<br \/>\n[\/vc_column_text][vc_column_text]A HEPA OFFICE a k\u00fclkereskedelmi tev\u00e9kenys\u00e9g el\u0151seg\u00edt\u00e9se \u00e9rdek\u00e9ben T\u00f6r\u00f6korsz\u00e1gban isztambuli sz\u00e9khelye mellett Ankar\u00e1ban, Izmirben, Burs\u00e1ban m\u0171k\u00f6dtet irod\u00e1t, m\u00edg G\u00f6r\u00f6gorsz\u00e1gban Ath\u00e9nban, Magyarorsz\u00e1gon pedig Budapesten tart fenn k\u00e9pviseletet. Az HEPA OFFICE csoport magyarorsz\u00e1gi k\u00e9pviselete az ALX Magyar-T\u00f6r\u00f6k Kereskedelmi Kft. c\u00edme alatt, a g\u00f6r\u00f6gorsz\u00e1gi k\u00e9pviselete pedig az ALX Greece c\u00edme alatt v\u00e9gzi tev\u00e9kenys\u00e9g\u00e9t.[\/vc_column_text][\/vc_column][vc_column width=&#8221;3\/5&#8243;][vc_column_text]Magyarorsz\u00e1g sz\u00e1mos ter\u00fcleten, mint p\u00e9ld\u00e1ul a k\u00f6rnyezetv\u00e9delem, a v\u00edzgazd\u00e1lkod\u00e1s, a meg\u00fajul\u00f3 energia, a biotechnol\u00f3gia, az IT ipar \u00e9s a technol\u00f3gia-transzfer sz\u00e1mos, magas hozz\u00e1adott \u00e9rt\u00e9kkel rendelkez\u0151 term\u00e9keket \u00e9s szolg\u00e1ltat\u00e1st tud export\u00e1lni T\u00f6r\u00f6korsz\u00e1g, G\u00f6r\u00f6gorsz\u00e1g \u00e9s Ciprus sz\u00e1m\u00e1ra. Saj\u00e1t tapasztalataim alapj\u00e1n csak b\u00e1tor\u00edtani tudom a v\u00e1llalkoz\u00f3kat \u00e9s befektet\u0151ket, hogy beruh\u00e1zzanak a lehet\u0151s\u00e9gek orsz\u00e1gak\u00e9nt sz\u00e1mon tartott Magyarorsz\u00e1gon. Mindehhez sz\u00edvesen ny\u00fajtok \u00fatmutat\u00e1st \u00e9s \u00f6r\u00f6mmel megosztom a tapasztalatainkat\u201d- hangs\u00falyozta Adnan Polat, a Polat Holding igazgat\u00f3s\u00e1g\u00e1nak eln\u00f6ke.<br \/>\n[\/vc_column_text][vc_column_text]V\u00edzi\u00f3nk, hogy megismertess\u00fck \u00e9s ezzel k\u00f6zelebb hozzuk egym\u00e1shoz a t\u00f6r\u00f6k \u00e9s a magyar nemzet kult\u00far\u00e1j\u00e1t, idegenforgalm\u00e1t, gazdas\u00e1g\u00e1t a k\u00f6lcs\u00f6n\u00f6s el\u0151ny\u00f6k jobb kihaszn\u00e1l\u00e1sa \u00e9rdek\u00e9ben. K\u00fcldet\u00e9s\u00fcnk, hogy hasznos inform\u00e1ci\u00f3val \u00e9s hat\u00e9kony forr\u00e1sokkal t\u00e1mogassunk minden egyes Magyarorsz\u00e1gon, illetve T\u00f6r\u00f6korsz\u00e1gban \u00fczletet k\u00f6tni k\u00edv\u00e1n\u00f3 v\u00e1llalkoz\u00f3t \u00e9s a k\u00e9t orsz\u00e1g el\u0151nyeit \u00f6tv\u00f6zve hat\u00e9konyan hozz\u00e1j\u00e1ruljunk a a kereskedelmi forgalom n\u00f6vel\u00e9s\u00e9hez\u201d \u2013 tette hozz\u00e1 Burak AKTA\u015e, az HEPA OFFICE vez\u00e9rigazgat\u00f3ja.[\/vc_column_text][\/vc_column][vc_column width=&#8221;2\/5&#8243;][\/vc_column][vc_column width=&#8221;1\/2&#8243; offset=&#8221;vc_hidden-lg vc_hidden-md vc_hidden-sm vc_hidden-xs&#8221;][vc_single_image image=&#8221;1191&#8243; img_size=&#8221;full&#8221; alignment=&#8221;center&#8221; onclick=&#8221;custom_link&#8221; css_animation=&#8221;fadeIn&#8221; link=&#8221;http:\/\/alx.budahaneki.com\/polat-holding\/&#8221; css=&#8221;.vc_custom_1564999419462{background-color: #82765d !important;border-radius: 5px !important;}&#8221;][\/vc_column][vc_column width=&#8221;1\/2&#8243; offset=&#8221;vc_hidden-lg vc_hidden-md vc_hidden-sm vc_hidden-xs&#8221;][vc_single_image image=&#8221;1194&#8243; img_size=&#8221;full&#8221; alignment=&#8221;center&#8221; onclick=&#8221;custom_link&#8221; css_animation=&#8221;fadeIn&#8221; link=&#8221;http:\/\/alx.budahaneki.com\/macar-ihracati-tesvik-ajansi-hepa\/&#8221; css=&#8221;.vc_custom_1564999426493{background-color: #82765d !important;border-radius: 5px !important;}&#8221;][\/vc_column][\/vc_row]<\/p>\n<\/div>","protected":false},"excerpt":{"rendered":"<p>[vc_row][vc_column][vc_column_text]Az HEPA OFFICE azzal a c\u00e9llal j\u00f6tt l\u00e9tre 2015-ben, hogy a m\u00e9g kiakn\u00e1zatlan lehet\u0151s\u00e9gek \u00e9s szinergi\u00e1k kihaszn\u00e1l\u00e1s\u00e1val hozz\u00e1j\u00e1ruljon Magyarorosz\u00e1g k\u00fclkereskedelmi kapcsolatainak tov\u00e1bbfejleszt\u00e9s\u00e9hez, diverzifik\u00e1l\u00e1s\u00e1hoz egy\u00fcttm\u0171k\u00f6d\u00e9sben T\u00f6r\u00f6korsz\u00e1g egyik vezet\u0151 c\u00e9lcsoportj\u00e1val a Polat Holdinggal. [\/vc_column_text][vc_column_text]A t\u00e1rsas\u00e1g el\u0151dje \u201cALX Magyar Kereskedelem Fejleszt\u00e9si K\u00f6zpont\u201d n\u00e9vvel 2015-ben j\u00f6tt l\u00e9tre \u00e9s 2016-ban multinacion\u00e1lis k\u00fclkereskedelmi v\u00e1llalatt\u00e1 alakult \u00e1t \u00e9s \u201cHEPA OFFICE\u201d n\u00e9ven folytatta&hellip;<\/p>\n","protected":false},"author":8,"featured_media":0,"parent":0,"menu_order":0,"comment_status":"closed","ping_status":"closed","template":"","meta":{"h5ap_radio_sources":[],"footnotes":""},"class_list":["post-1969","page","type-page","status-publish","hentry","description-off"],"yoast_head":"<!-- This site is optimized with the Yoast SEO plugin v26.8 - https:\/\/yoast.com\/product\/yoast-seo-wordpress\/ -->\n<title>R\u00f3lunk - HEPA Office T\u00fcrkiye<\/title>\n<meta name=\"robots\" content=\"index, follow, max-snippet:-1, max-image-preview:large, max-video-preview:-1\" \/>\n<link rel=\"canonical\" href=\"https:\/\/www.hepaoffice.com.tr\/hu\/rolunk\/\" \/>\n<meta property=\"og:locale\" content=\"hu_HU\" \/>\n<meta property=\"og:type\" content=\"article\" \/>\n<meta property=\"og:title\" content=\"R\u00f3lunk - HEPA Office T\u00fcrkiye\" \/>\n<meta property=\"og:description\" content=\"[vc_row][vc_column][vc_column_text]Az HEPA OFFICE azzal a c\u00e9llal j\u00f6tt l\u00e9tre 2015-ben, hogy a m\u00e9g kiakn\u00e1zatlan lehet\u0151s\u00e9gek \u00e9s szinergi\u00e1k kihaszn\u00e1l\u00e1s\u00e1val hozz\u00e1j\u00e1ruljon Magyarorosz\u00e1g k\u00fclkereskedelmi kapcsolatainak tov\u00e1bbfejleszt\u00e9s\u00e9hez, diverzifik\u00e1l\u00e1s\u00e1hoz egy\u00fcttm\u0171k\u00f6d\u00e9sben T\u00f6r\u00f6korsz\u00e1g egyik vezet\u0151 c\u00e9lcsoportj\u00e1val a Polat Holdinggal. [\/vc_column_text][vc_column_text]A t\u00e1rsas\u00e1g el\u0151dje \u201cALX Magyar Kereskedelem Fejleszt\u00e9si K\u00f6zpont\u201d n\u00e9vvel 2015-ben j\u00f6tt l\u00e9tre \u00e9s 2016-ban multinacion\u00e1lis k\u00fclkereskedelmi v\u00e1llalatt\u00e1 alakult \u00e1t \u00e9s \u201cHEPA OFFICE\u201d n\u00e9ven folytatta&hellip;\" \/>\n<meta property=\"og:url\" content=\"https:\/\/www.hepaoffice.com.tr\/hu\/rolunk\/\" \/>\n<meta property=\"og:site_name\" content=\"HEPA Office T\u00fcrkiye\" \/>\n<meta property=\"article:modified_time\" content=\"2023-04-06T11:44:41+00:00\" \/>\n<meta name=\"twitter:card\" content=\"summary_large_image\" \/>\n<meta name=\"twitter:label1\" content=\"Becs\u00fclt olvas\u00e1si id\u0151\" \/>\n\t<meta name=\"twitter:data1\" content=\"2 perc\" \/>\n<script type=\"application\/ld+json\" class=\"yoast-schema-graph\">{\"@context\":\"https:\/\/schema.org\",\"@graph\":[{\"@type\":\"WebPage\",\"@id\":\"https:\/\/www.hepaoffice.com.tr\/hu\/rolunk\/\",\"url\":\"https:\/\/www.hepaoffice.com.tr\/hu\/rolunk\/\",\"name\":\"R\u00f3lunk - HEPA Office T\u00fcrkiye\",\"isPartOf\":{\"@id\":\"https:\/\/www.hepaoffice.com.tr\/#website\"},\"datePublished\":\"2020-01-09T12:34:05+00:00\",\"dateModified\":\"2023-04-06T11:44:41+00:00\",\"breadcrumb\":{\"@id\":\"https:\/\/www.hepaoffice.com.tr\/hu\/rolunk\/#breadcrumb\"},\"inLanguage\":\"hu\",\"potentialAction\":[{\"@type\":\"ReadAction\",\"target\":[\"https:\/\/www.hepaoffice.com.tr\/hu\/rolunk\/\"]}]},{\"@type\":\"BreadcrumbList\",\"@id\":\"https:\/\/www.hepaoffice.com.tr\/hu\/rolunk\/#breadcrumb\",\"itemListElement\":[{\"@type\":\"ListItem\",\"position\":1,\"name\":\"Ana sayfa\",\"item\":\"https:\/\/www.hepaoffice.com.tr\/hu\/\"},{\"@type\":\"ListItem\",\"position\":2,\"name\":\"R\u00f3lunk\"}]},{\"@type\":\"WebSite\",\"@id\":\"https:\/\/www.hepaoffice.com.tr\/#website\",\"url\":\"https:\/\/www.hepaoffice.com.tr\/\",\"name\":\"HEPA Office T\u00fcrkiye\",\"description\":\"Macaristan \u0130hracat\u0131 Te\u015fvik Ajans\u0131\",\"potentialAction\":[{\"@type\":\"SearchAction\",\"target\":{\"@type\":\"EntryPoint\",\"urlTemplate\":\"https:\/\/www.hepaoffice.com.tr\/?s={search_term_string}\"},\"query-input\":{\"@type\":\"PropertyValueSpecification\",\"valueRequired\":true,\"valueName\":\"search_term_string\"}}],\"inLanguage\":\"hu\"}]}<\/script>\n<!-- \/ Yoast SEO plugin. -->","yoast_head_json":{"title":"R\u00f3lunk - HEPA Office T\u00fcrkiye","robots":{"index":"index","follow":"follow","max-snippet":"max-snippet:-1","max-image-preview":"max-image-preview:large","max-video-preview":"max-video-preview:-1"},"canonical":"https:\/\/www.hepaoffice.com.tr\/hu\/rolunk\/","og_locale":"hu_HU","og_type":"article","og_title":"R\u00f3lunk - HEPA Office T\u00fcrkiye","og_description":"[vc_row][vc_column][vc_column_text]Az HEPA OFFICE azzal a c\u00e9llal j\u00f6tt l\u00e9tre 2015-ben, hogy a m\u00e9g kiakn\u00e1zatlan lehet\u0151s\u00e9gek \u00e9s szinergi\u00e1k kihaszn\u00e1l\u00e1s\u00e1val hozz\u00e1j\u00e1ruljon Magyarorosz\u00e1g k\u00fclkereskedelmi kapcsolatainak tov\u00e1bbfejleszt\u00e9s\u00e9hez, diverzifik\u00e1l\u00e1s\u00e1hoz egy\u00fcttm\u0171k\u00f6d\u00e9sben T\u00f6r\u00f6korsz\u00e1g egyik vezet\u0151 c\u00e9lcsoportj\u00e1val a Polat Holdinggal. [\/vc_column_text][vc_column_text]A t\u00e1rsas\u00e1g el\u0151dje \u201cALX Magyar Kereskedelem Fejleszt\u00e9si K\u00f6zpont\u201d n\u00e9vvel 2015-ben j\u00f6tt l\u00e9tre \u00e9s 2016-ban multinacion\u00e1lis k\u00fclkereskedelmi v\u00e1llalatt\u00e1 alakult \u00e1t \u00e9s \u201cHEPA OFFICE\u201d n\u00e9ven folytatta&hellip;","og_url":"https:\/\/www.hepaoffice.com.tr\/hu\/rolunk\/","og_site_name":"HEPA Office T\u00fcrkiye","article_modified_time":"2023-04-06T11:44:41+00:00","twitter_card":"summary_large_image","twitter_misc":{"Becs\u00fclt olvas\u00e1si id\u0151":"2 perc"},"schema":{"@context":"https:\/\/schema.org","@graph":[{"@type":"WebPage","@id":"https:\/\/www.hepaoffice.com.tr\/hu\/rolunk\/","url":"https:\/\/www.hepaoffice.com.tr\/hu\/rolunk\/","name":"R\u00f3lunk - HEPA Office T\u00fcrkiye","isPartOf":{"@id":"https:\/\/www.hepaoffice.com.tr\/#website"},"datePublished":"2020-01-09T12:34:05+00:00","dateModified":"2023-04-06T11:44:41+00:00","breadcrumb":{"@id":"https:\/\/www.hepaoffice.com.tr\/hu\/rolunk\/#breadcrumb"},"inLanguage":"hu","potentialAction":[{"@type":"ReadAction","target":["https:\/\/www.hepaoffice.com.tr\/hu\/rolunk\/"]}]},{"@type":"BreadcrumbList","@id":"https:\/\/www.hepaoffice.com.tr\/hu\/rolunk\/#breadcrumb","itemListElement":[{"@type":"ListItem","position":1,"name":"Ana sayfa","item":"https:\/\/www.hepaoffice.com.tr\/hu\/"},{"@type":"ListItem","position":2,"name":"R\u00f3lunk"}]},{"@type":"WebSite","@id":"https:\/\/www.hepaoffice.com.tr\/#website","url":"https:\/\/www.hepaoffice.com.tr\/","name":"HEPA Office T\u00fcrkiye","description":"Macaristan \u0130hracat\u0131 Te\u015fvik Ajans\u0131","potentialAction":[{"@type":"SearchAction","target":{"@type":"EntryPoint","urlTemplate":"https:\/\/www.hepaoffice.com.tr\/?s={search_term_string}"},"query-input":{"@type":"PropertyValueSpecification","valueRequired":true,"valueName":"search_term_string"}}],"inLanguage":"hu"}]}},"_links":{"self":[{"href":"https:\/\/www.hepaoffice.com.tr\/hu\/wp-json\/wp\/v2\/pages\/1969","targetHints":{"allow":["GET"]}}],"collection":[{"href":"https:\/\/www.hepaoffice.com.tr\/hu\/wp-json\/wp\/v2\/pages"}],"about":[{"href":"https:\/\/www.hepaoffice.com.tr\/hu\/wp-json\/wp\/v2\/types\/page"}],"author":[{"embeddable":true,"href":"https:\/\/www.hepaoffice.com.tr\/hu\/wp-json\/wp\/v2\/users\/8"}],"replies":[{"embeddable":true,"href":"https:\/\/www.hepaoffice.com.tr\/hu\/wp-json\/wp\/v2\/comments?post=1969"}],"version-history":[{"count":0,"href":"https:\/\/www.hepaoffice.com.tr\/hu\/wp-json\/wp\/v2\/pages\/1969\/revisions"}],"wp:attachment":[{"href":"https:\/\/www.hepaoffice.com.tr\/hu\/wp-json\/wp\/v2\/media?parent=1969"}],"curies":[{"name":"wp","href":"https:\/\/api.w.org\/{rel}","templated":true}]}}