{"id":3342,"date":"2020-02-14T08:39:54","date_gmt":"2020-02-14T08:39:54","guid":{"rendered":"https:\/\/www.hepaoffice.com.tr\/?page_id=3342"},"modified":"2020-02-14T08:39:54","modified_gmt":"2020-02-14T08:39:54","slug":"annual-report-2016","status":"publish","type":"page","link":"https:\/\/www.hepaoffice.com.tr\/en\/annual-report-2016\/","title":{"rendered":"Annual Report 2016"},"content":{"rendered":"<div class=\"wpb-content-wrapper\"><p>[vc_row][vc_column][vc_column_text]<a href=\"https:\/\/e9v6u6k8.stackpathcdn.com\/wp-content\/uploads\/2020\/01\/pdf_alx-activity-report_2016-1.pdf\" class=\"pdfemb-viewer\" style=\"\" data-width=\"max\" data-height=\"max\" data-mobile-width=\"500\"  data-scrollbar=\"vertical\" data-download=\"on\" data-tracking=\"on\" data-newwindow=\"on\" data-pagetextbox=\"off\" data-scrolltotop=\"off\" data-startzoom=\"100\" data-startfpzoom=\"100\" data-toolbar=\"both\" data-toolbar-fixed=\"on\">pdf_alx-activity-report_2016-1<br\/><\/a>[\/vc_column_text][\/vc_column][\/vc_row]<\/p>\n<\/div>","protected":false},"excerpt":{"rendered":"<p>[vc_row][vc_column][vc_column_text][\/vc_column_text][\/vc_column][\/vc_row]<\/p>\n","protected":false},"author":8,"featured_media":248,"parent":0,"menu_order":0,"comment_status":"closed","ping_status":"closed","template":"","meta":{"h5ap_radio_sources":[],"footnotes":""},"class_list":["post-3342","page","type-page","status-publish","has-post-thumbnail","hentry","description-off"],"yoast_head":"<!-- This site is optimized with the Yoast SEO plugin v26.8 - https:\/\/yoast.com\/product\/yoast-seo-wordpress\/ -->\n<title>Annual Report 2016 - HEPA Office T\u00fcrkiye<\/title>\n<meta name=\"robots\" content=\"index, follow, max-snippet:-1, max-image-preview:large, max-video-preview:-1\" \/>\n<link rel=\"canonical\" href=\"https:\/\/www.hepaoffice.com.tr\/en\/annual-report-2016\/\" \/>\n<meta property=\"og:locale\" content=\"en_US\" \/>\n<meta property=\"og:type\" content=\"article\" \/>\n<meta property=\"og:title\" content=\"Annual Report 2016 - HEPA Office T\u00fcrkiye\" \/>\n<meta property=\"og:description\" content=\"[vc_row][vc_column][vc_column_text][\/vc_column_text][\/vc_column][\/vc_row]\" \/>\n<meta property=\"og:url\" content=\"https:\/\/www.hepaoffice.com.tr\/en\/annual-report-2016\/\" \/>\n<meta property=\"og:site_name\" content=\"HEPA Office T\u00fcrkiye\" \/>\n<meta property=\"og:image\" content=\"https:\/\/www.hepaoffice.com.tr\/wp-content\/uploads\/2019\/12\/2016_2.jpg\" \/>\n\t<meta property=\"og:image:width\" content=\"1000\" \/>\n\t<meta property=\"og:image:height\" content=\"1199\" \/>\n\t<meta property=\"og:image:type\" content=\"image\/jpeg\" \/>\n<meta name=\"twitter:card\" content=\"summary_large_image\" \/>\n<script type=\"application\/ld+json\" class=\"yoast-schema-graph\">{\"@context\":\"https:\/\/schema.org\",\"@graph\":[{\"@type\":\"WebPage\",\"@id\":\"https:\/\/www.hepaoffice.com.tr\/en\/annual-report-2016\/\",\"url\":\"https:\/\/www.hepaoffice.com.tr\/en\/annual-report-2016\/\",\"name\":\"Annual Report 2016 - HEPA Office T\u00fcrkiye\",\"isPartOf\":{\"@id\":\"https:\/\/www.hepaoffice.com.tr\/#website\"},\"primaryImageOfPage\":{\"@id\":\"https:\/\/www.hepaoffice.com.tr\/en\/annual-report-2016\/#primaryimage\"},\"image\":{\"@id\":\"https:\/\/www.hepaoffice.com.tr\/en\/annual-report-2016\/#primaryimage\"},\"thumbnailUrl\":\"https:\/\/www.hepaoffice.com.tr\/wp-content\/uploads\/2019\/12\/2016_2.jpg\",\"datePublished\":\"2020-02-14T08:39:54+00:00\",\"breadcrumb\":{\"@id\":\"https:\/\/www.hepaoffice.com.tr\/en\/annual-report-2016\/#breadcrumb\"},\"inLanguage\":\"en-US\",\"potentialAction\":[{\"@type\":\"ReadAction\",\"target\":[\"https:\/\/www.hepaoffice.com.tr\/en\/annual-report-2016\/\"]}]},{\"@type\":\"ImageObject\",\"inLanguage\":\"en-US\",\"@id\":\"https:\/\/www.hepaoffice.com.tr\/en\/annual-report-2016\/#primaryimage\",\"url\":\"https:\/\/www.hepaoffice.com.tr\/wp-content\/uploads\/2019\/12\/2016_2.jpg\",\"contentUrl\":\"https:\/\/www.hepaoffice.com.tr\/wp-content\/uploads\/2019\/12\/2016_2.jpg\",\"width\":1000,\"height\":1199},{\"@type\":\"BreadcrumbList\",\"@id\":\"https:\/\/www.hepaoffice.com.tr\/en\/annual-report-2016\/#breadcrumb\",\"itemListElement\":[{\"@type\":\"ListItem\",\"position\":1,\"name\":\"Ana sayfa\",\"item\":\"https:\/\/www.hepaoffice.com.tr\/en\/\"},{\"@type\":\"ListItem\",\"position\":2,\"name\":\"Annual Report 2016\"}]},{\"@type\":\"WebSite\",\"@id\":\"https:\/\/www.hepaoffice.com.tr\/#website\",\"url\":\"https:\/\/www.hepaoffice.com.tr\/\",\"name\":\"HEPA Office T\u00fcrkiye\",\"description\":\"Macaristan \u0130hracat\u0131 Te\u015fvik Ajans\u0131\",\"potentialAction\":[{\"@type\":\"SearchAction\",\"target\":{\"@type\":\"EntryPoint\",\"urlTemplate\":\"https:\/\/www.hepaoffice.com.tr\/?s={search_term_string}\"},\"query-input\":{\"@type\":\"PropertyValueSpecification\",\"valueRequired\":true,\"valueName\":\"search_term_string\"}}],\"inLanguage\":\"en-US\"}]}<\/script>\n<!-- \/ Yoast SEO plugin. -->","yoast_head_json":{"title":"Annual Report 2016 - HEPA Office T\u00fcrkiye","robots":{"index":"index","follow":"follow","max-snippet":"max-snippet:-1","max-image-preview":"max-image-preview:large","max-video-preview":"max-video-preview:-1"},"canonical":"https:\/\/www.hepaoffice.com.tr\/en\/annual-report-2016\/","og_locale":"en_US","og_type":"article","og_title":"Annual Report 2016 - HEPA Office T\u00fcrkiye","og_description":"[vc_row][vc_column][vc_column_text][\/vc_column_text][\/vc_column][\/vc_row]","og_url":"https:\/\/www.hepaoffice.com.tr\/en\/annual-report-2016\/","og_site_name":"HEPA Office T\u00fcrkiye","og_image":[{"width":1000,"height":1199,"url":"https:\/\/www.hepaoffice.com.tr\/wp-content\/uploads\/2019\/12\/2016_2.jpg","type":"image\/jpeg"}],"twitter_card":"summary_large_image","schema":{"@context":"https:\/\/schema.org","@graph":[{"@type":"WebPage","@id":"https:\/\/www.hepaoffice.com.tr\/en\/annual-report-2016\/","url":"https:\/\/www.hepaoffice.com.tr\/en\/annual-report-2016\/","name":"Annual Report 2016 - HEPA Office T\u00fcrkiye","isPartOf":{"@id":"https:\/\/www.hepaoffice.com.tr\/#website"},"primaryImageOfPage":{"@id":"https:\/\/www.hepaoffice.com.tr\/en\/annual-report-2016\/#primaryimage"},"image":{"@id":"https:\/\/www.hepaoffice.com.tr\/en\/annual-report-2016\/#primaryimage"},"thumbnailUrl":"https:\/\/www.hepaoffice.com.tr\/wp-content\/uploads\/2019\/12\/2016_2.jpg","datePublished":"2020-02-14T08:39:54+00:00","breadcrumb":{"@id":"https:\/\/www.hepaoffice.com.tr\/en\/annual-report-2016\/#breadcrumb"},"inLanguage":"en-US","potentialAction":[{"@type":"ReadAction","target":["https:\/\/www.hepaoffice.com.tr\/en\/annual-report-2016\/"]}]},{"@type":"ImageObject","inLanguage":"en-US","@id":"https:\/\/www.hepaoffice.com.tr\/en\/annual-report-2016\/#primaryimage","url":"https:\/\/www.hepaoffice.com.tr\/wp-content\/uploads\/2019\/12\/2016_2.jpg","contentUrl":"https:\/\/www.hepaoffice.com.tr\/wp-content\/uploads\/2019\/12\/2016_2.jpg","width":1000,"height":1199},{"@type":"BreadcrumbList","@id":"https:\/\/www.hepaoffice.com.tr\/en\/annual-report-2016\/#breadcrumb","itemListElement":[{"@type":"ListItem","position":1,"name":"Ana sayfa","item":"https:\/\/www.hepaoffice.com.tr\/en\/"},{"@type":"ListItem","position":2,"name":"Annual Report 2016"}]},{"@type":"WebSite","@id":"https:\/\/www.hepaoffice.com.tr\/#website","url":"https:\/\/www.hepaoffice.com.tr\/","name":"HEPA Office T\u00fcrkiye","description":"Macaristan \u0130hracat\u0131 Te\u015fvik Ajans\u0131","potentialAction":[{"@type":"SearchAction","target":{"@type":"EntryPoint","urlTemplate":"https:\/\/www.hepaoffice.com.tr\/?s={search_term_string}"},"query-input":{"@type":"PropertyValueSpecification","valueRequired":true,"valueName":"search_term_string"}}],"inLanguage":"en-US"}]}},"_links":{"self":[{"href":"https:\/\/www.hepaoffice.com.tr\/en\/wp-json\/wp\/v2\/pages\/3342","targetHints":{"allow":["GET"]}}],"collection":[{"href":"https:\/\/www.hepaoffice.com.tr\/en\/wp-json\/wp\/v2\/pages"}],"about":[{"href":"https:\/\/www.hepaoffice.com.tr\/en\/wp-json\/wp\/v2\/types\/page"}],"author":[{"embeddable":true,"href":"https:\/\/www.hepaoffice.com.tr\/en\/wp-json\/wp\/v2\/users\/8"}],"replies":[{"embeddable":true,"href":"https:\/\/www.hepaoffice.com.tr\/en\/wp-json\/wp\/v2\/comments?post=3342"}],"version-history":[{"count":0,"href":"https:\/\/www.hepaoffice.com.tr\/en\/wp-json\/wp\/v2\/pages\/3342\/revisions"}],"wp:featuredmedia":[{"embeddable":true,"href":"https:\/\/www.hepaoffice.com.tr\/en\/wp-json\/wp\/v2\/media\/248"}],"wp:attachment":[{"href":"https:\/\/www.hepaoffice.com.tr\/en\/wp-json\/wp\/v2\/media?parent=3342"}],"curies":[{"name":"wp","href":"https:\/\/api.w.org\/{rel}","templated":true}]}}