{"id":1947,"date":"2020-01-09T11:27:48","date_gmt":"2020-01-09T11:27:48","guid":{"rendered":"http:\/\/www.hepaoffice.com.tr\/?page_id=1947"},"modified":"2025-09-22T18:41:42","modified_gmt":"2025-09-22T15:41:42","slug":"annual-report","status":"publish","type":"page","link":"https:\/\/www.hepaoffice.com.tr\/en\/annual-report\/","title":{"rendered":"Annual Report"},"content":{"rendered":"<div class=\"wpb-content-wrapper\"><p>[vc_row gap=&#8221;35&#8243; full_height=&#8221;yes&#8221; bg_type=&#8221;bg_color&#8221; ult_hide_row=&#8221;ult_hide_row_value&#8221; ult_hide_row_mobile=&#8221;mobile&#8221; ult_hide_row_mobile_large=&#8221;xl_mobile&#8221;][vc_column width=&#8221;1\/3&#8243;][vc_single_image image=&#8221;6100&#8243; img_size=&#8221;full&#8221; alignment=&#8221;center&#8221; onclick=&#8221;custom_link&#8221; img_link_target=&#8221;_blank&#8221; css_animation=&#8221;fadeIn&#8221; css=&#8221;.vc_custom_1758555640230{border-top-width: 1px !important;border-right-width: 1px !important;border-bottom-width: 1px !important;border-left-width: 1px !important;border-left-style: solid !important;border-right-style: solid !important;border-top-style: solid !important;border-bottom-style: solid !important;border-color: #00428B !important;}&#8221; link=&#8221;https:\/\/www.hepaoffice.com.tr\/en\/annual-report-2024\/&#8221;][vc_custom_heading text=&#8221;Annual Report 2024&#8243; font_container=&#8221;tag:h4|text_align:center&#8221; use_theme_fonts=&#8221;yes&#8221; css=&#8221;&#8221; link=&#8221;url:https%3A%2F%2Fwww.hepaoffice.com.tr%2Fen%2Fannual-report-2024%2F|title:Annual%20Report%202024|target:_blank&#8221;][\/vc_column][vc_column width=&#8221;1\/3&#8243;][vc_single_image image=&#8221;5817&#8243; img_size=&#8221;full&#8221; alignment=&#8221;center&#8221; onclick=&#8221;custom_link&#8221; img_link_target=&#8221;_blank&#8221; css_animation=&#8221;fadeIn&#8221; css=&#8221;&#8221; link=&#8221;https:\/\/www.hepaoffice.com.tr\/en\/annual-report-2023\/&#8221;][vc_custom_heading text=&#8221;Annual Report 2023&#8243; font_container=&#8221;tag:h4|text_align:center&#8221; use_theme_fonts=&#8221;yes&#8221; css=&#8221;&#8221; link=&#8221;url:https%3A%2F%2Fwww.hepaoffice.com.tr%2Fen%2Fannual-report-2023%2F|title:Annual%20Report%202023|target:_blank&#8221;][\/vc_column][vc_column width=&#8221;1\/3&#8243;][vc_single_image image=&#8221;5203&#8243; img_size=&#8221;full&#8221; alignment=&#8221;center&#8221; onclick=&#8221;custom_link&#8221; img_link_target=&#8221;_blank&#8221; css_animation=&#8221;fadeIn&#8221; link=&#8221;https:\/\/www.hepaoffice.com.tr\/en\/annual-report-2022\/&#8221;][vc_custom_heading text=&#8221;Annual Report 2022&#8243; font_container=&#8221;tag:h4|text_align:center&#8221; use_theme_fonts=&#8221;yes&#8221; link=&#8221;url:https%3A%2F%2Fwww.hepaoffice.com.tr%2Fen%2Fannual-report-2022%2F|title:Annual%20Report%202022|target:_blank&#8221;][\/vc_column][vc_column width=&#8221;1\/3&#8243;][vc_single_image image=&#8221;4667&#8243; img_size=&#8221;full&#8221; alignment=&#8221;center&#8221; onclick=&#8221;custom_link&#8221; img_link_target=&#8221;_blank&#8221; css_animation=&#8221;fadeIn&#8221; css=&#8221;.vc_custom_1645445076922{border-top-width: 1px !important;border-right-width: 1px !important;border-bottom-width: 1px !important;border-left-width: 1px !important;border-left-color: #00428b !important;border-left-style: solid !important;border-right-color: #00428b !important;border-right-style: solid !important;border-top-color: #00428b !important;border-top-style: solid !important;border-bottom-color: #00428b !important;border-bottom-style: solid !important;}&#8221; link=&#8221;https:\/\/www.hepaoffice.com.tr\/en\/annual-report-2021\/&#8221;][vc_custom_heading text=&#8221;Annual Report 2021&#8243; font_container=&#8221;tag:h4|text_align:center&#8221; use_theme_fonts=&#8221;yes&#8221; css=&#8221;&#8221; link=&#8221;url:https%3A%2F%2Fwww.hepaoffice.com.tr%2Fen%2Fannual-report-2021%2F|title:Annual%20Report%202021|target:_blank&#8221;][\/vc_column][vc_column width=&#8221;1\/3&#8243;][vc_single_image image=&#8221;4651&#8243; img_size=&#8221;full&#8221; alignment=&#8221;center&#8221; onclick=&#8221;custom_link&#8221; img_link_target=&#8221;_blank&#8221; css_animation=&#8221;fadeIn&#8221; link=&#8221;https:\/\/www.hepaoffice.com.tr\/en\/annual-report-2020\/&#8221;][vc_custom_heading text=&#8221;Annual Report 2020&#8243; font_container=&#8221;tag:h4|text_align:center&#8221; use_theme_fonts=&#8221;yes&#8221; link=&#8221;url:https%3A%2F%2Fwww.hepaoffice.com.tr%2Fen%2Fannual-report-2020%2F|target:_blank&#8221;][\/vc_column][vc_column width=&#8221;1\/3&#8243; offset=&#8221;vc_hidden-xs&#8221;][vc_single_image image=&#8221;3235&#8243; img_size=&#8221;full&#8221; alignment=&#8221;center&#8221; onclick=&#8221;custom_link&#8221; img_link_target=&#8221;_blank&#8221; css_animation=&#8221;fadeIn&#8221; link=&#8221;https:\/\/www.hepaoffice.com.tr\/en\/annual-report-2019\/&#8221;][vc_custom_heading text=&#8221;Annual Report 2019&#8243; font_container=&#8221;tag:h4|text_align:center&#8221; use_theme_fonts=&#8221;yes&#8221; link=&#8221;url:https%3A%2F%2Fwww.hepaoffice.com.tr%2Fen%2Fannual-report-2019%2F||target:%20_blank|&#8221;][\/vc_column][vc_column width=&#8221;1\/3&#8243;][vc_single_image image=&#8221;253&#8243; img_size=&#8221;full&#8221; alignment=&#8221;center&#8221; onclick=&#8221;custom_link&#8221; img_link_target=&#8221;_blank&#8221; css_animation=&#8221;fadeIn&#8221; link=&#8221;https:\/\/www.hepaoffice.com.tr\/en\/annual-report-2018\/&#8221;][vc_custom_heading text=&#8221;Annual Report 2018&#8243; font_container=&#8221;tag:h4|text_align:center&#8221; use_theme_fonts=&#8221;yes&#8221; link=&#8221;url:https%3A%2F%2Fwww.hepaoffice.com.tr%2Fen%2Fannual-report-2018%2F||target:%20_blank|&#8221;][\/vc_column][vc_column width=&#8221;1\/3&#8243;][vc_single_image image=&#8221;250&#8243; img_size=&#8221;full&#8221; alignment=&#8221;center&#8221; onclick=&#8221;custom_link&#8221; img_link_target=&#8221;_blank&#8221; css_animation=&#8221;fadeIn&#8221; link=&#8221;https:\/\/www.hepaoffice.com.tr\/en\/annual-report-2017\/&#8221;][vc_custom_heading text=&#8221;Annual Report 2017&#8243; font_container=&#8221;tag:h4|text_align:center&#8221; use_theme_fonts=&#8221;yes&#8221; link=&#8221;url:https%3A%2F%2Fwww.hepaoffice.com.tr%2Fen%2Fannual-report-2017%2F||target:%20_blank|&#8221;][\/vc_column][vc_column width=&#8221;1\/3&#8243;][vc_single_image image=&#8221;247&#8243; img_size=&#8221;full&#8221; alignment=&#8221;center&#8221; onclick=&#8221;custom_link&#8221; img_link_target=&#8221;_blank&#8221; css_animation=&#8221;fadeIn&#8221; link=&#8221;https:\/\/www.hepaoffice.com.tr\/en\/annual-report-2016\/&#8221;][vc_custom_heading text=&#8221;Annual Report 2016&#8243; font_container=&#8221;tag:h4|text_align:center&#8221; use_theme_fonts=&#8221;yes&#8221; link=&#8221;url:https%3A%2F%2Fwww.hepaoffice.com.tr%2Fen%2Fannual-report-2016%2F||target:%20_blank|&#8221;][\/vc_column][\/vc_row][vc_row gap=&#8221;35&#8243; full_height=&#8221;yes&#8221; bg_type=&#8221;bg_color&#8221; ult_hide_row=&#8221;ult_hide_row_value&#8221; ult_hide_row_large_screen=&#8221;large_screen&#8221; ult_hide_row_desktop=&#8221;desktop&#8221; ult_hide_row_tablet=&#8221;tablet&#8221; ult_hide_row_tablet_small=&#8221;xs_tablet&#8221; css=&#8221;.vc_custom_1758553693932{margin-top: -90px !important;}&#8221;][vc_column][vc_single_image image=&#8221;6100&#8243; img_size=&#8221;full&#8221; alignment=&#8221;center&#8221; onclick=&#8221;custom_link&#8221; img_link_target=&#8221;_blank&#8221; css_animation=&#8221;fadeIn&#8221; css=&#8221;.vc_custom_1758555680310{border-top-width: 1px !important;border-right-width: 1px !important;border-bottom-width: 1px !important;border-left-width: 1px !important;border-left-style: solid !important;border-right-style: solid !important;border-top-style: solid !important;border-bottom-style: solid !important;border-color: #00428B !important;}&#8221; link=&#8221;https:\/\/www.hepaoffice.com.tr\/en\/annual-report-2023\/&#8221;][vc_custom_heading text=&#8221;Annual Report 2024&#8243; font_container=&#8221;tag:h3|text_align:center&#8221; use_theme_fonts=&#8221;yes&#8221; css=&#8221;&#8221; link=&#8221;url:https%3A%2F%2Fwww.hepaoffice.com.tr%2Fen%2Fannual-report-2024%2F|title:Annual%20Report%202024|target:_blank&#8221;][vc_empty_space height=&#8221;22px&#8221;][vc_single_image image=&#8221;5817&#8243; img_size=&#8221;full&#8221; alignment=&#8221;center&#8221; onclick=&#8221;custom_link&#8221; img_link_target=&#8221;_blank&#8221; css_animation=&#8221;fadeIn&#8221; css=&#8221;&#8221; link=&#8221;https:\/\/www.hepaoffice.com.tr\/en\/annual-report-2023\/&#8221;][vc_custom_heading text=&#8221;Annual Report 2023&#8243; font_container=&#8221;tag:h3|text_align:center&#8221; use_theme_fonts=&#8221;yes&#8221; css=&#8221;&#8221; link=&#8221;url:https%3A%2F%2Fwww.hepaoffice.com.tr%2Fen%2Fannual-report-2023%2F|title:Annual%20Report%202023|target:_blank&#8221;][vc_empty_space height=&#8221;22px&#8221;][vc_single_image image=&#8221;5203&#8243; img_size=&#8221;full&#8221; alignment=&#8221;center&#8221; onclick=&#8221;custom_link&#8221; img_link_target=&#8221;_blank&#8221; css_animation=&#8221;fadeIn&#8221; css=&#8221;.vc_custom_1688722399492{border-top-width: 1px !important;border-right-width: 1px !important;border-bottom-width: 1px !important;border-left-width: 1px !important;border-left-color: #00428b !important;border-left-style: solid !important;border-right-color: #00428b !important;border-right-style: solid !important;border-top-color: #00428b !important;border-top-style: solid !important;border-bottom-color: #00428b !important;border-bottom-style: solid !important;}&#8221; link=&#8221;https:\/\/www.hepaoffice.com.tr\/en\/annual-report-2022\/&#8221;][vc_custom_heading text=&#8221;Annual Report 2022&#8243; font_container=&#8221;tag:h3|text_align:center&#8221; use_theme_fonts=&#8221;yes&#8221; css=&#8221;&#8221; link=&#8221;url:https%3A%2F%2Fwww.hepaoffice.com.tr%2Fen%2Fannual-report-2022%2F|title:We%20Strengthen%20T%C3%BCrkiye-Hungary%20Relations|target:_blank&#8221;][vc_empty_space height=&#8221;22px&#8221;][vc_single_image image=&#8221;4667&#8243; img_size=&#8221;full&#8221; alignment=&#8221;center&#8221; onclick=&#8221;custom_link&#8221; img_link_target=&#8221;_blank&#8221; css_animation=&#8221;fadeIn&#8221; css=&#8221;.vc_custom_1645445094715{border-top-width: 1px !important;border-right-width: 1px !important;border-bottom-width: 1px !important;border-left-width: 1px !important;border-left-color: #00428b !important;border-left-style: solid !important;border-right-color: #00428b !important;border-right-style: solid !important;border-top-color: #00428b !important;border-top-style: solid !important;border-bottom-color: #00428b !important;border-bottom-style: solid !important;}&#8221; link=&#8221;https:\/\/www.hepaoffice.com.tr\/en\/annual-report-2021\/&#8221;][vc_custom_heading text=&#8221;Annual Report 2021&#8243; font_container=&#8221;tag:h3|text_align:center&#8221; use_theme_fonts=&#8221;yes&#8221; link=&#8221;url:https%3A%2F%2Fwww.hepaoffice.com.tr%2Fen%2Fannual-report-2021%2F|target:_blank&#8221;][vc_empty_space height=&#8221;22px&#8221;][vc_single_image image=&#8221;4651&#8243; img_size=&#8221;full&#8221; alignment=&#8221;center&#8221; onclick=&#8221;custom_link&#8221; img_link_target=&#8221;_blank&#8221; css_animation=&#8221;fadeIn&#8221; link=&#8221;https:\/\/www.hepaoffice.com.tr\/en\/annual-report-2020\/&#8221;][vc_custom_heading text=&#8221;Annual Report 2020&#8243; font_container=&#8221;tag:h3|text_align:center&#8221; use_theme_fonts=&#8221;yes&#8221; link=&#8221;url:https%3A%2F%2Fwww.hepaoffice.com.tr%2Fen%2Fannual-report-2020%2F|target:_blank&#8221;][vc_empty_space height=&#8221;22px&#8221;][vc_single_image image=&#8221;3235&#8243; img_size=&#8221;full&#8221; alignment=&#8221;center&#8221; onclick=&#8221;custom_link&#8221; img_link_target=&#8221;_blank&#8221; css_animation=&#8221;fadeIn&#8221; link=&#8221;https:\/\/www.hepaoffice.com.tr\/en\/annual-report-2019\/&#8221;][vc_custom_heading text=&#8221;Annual Report 2019&#8243; font_container=&#8221;tag:h3|text_align:center&#8221; use_theme_fonts=&#8221;yes&#8221; link=&#8221;url:https%3A%2F%2Fwww.hepaoffice.com.tr%2Fen%2Fannual-report-2019%2F||target:%20_blank|&#8221;][vc_empty_space height=&#8221;22px&#8221;][vc_single_image image=&#8221;253&#8243; img_size=&#8221;full&#8221; alignment=&#8221;center&#8221; onclick=&#8221;custom_link&#8221; img_link_target=&#8221;_blank&#8221; css_animation=&#8221;fadeIn&#8221; link=&#8221;https:\/\/www.hepaoffice.com.tr\/en\/annual-report-2018\/&#8221;][vc_custom_heading text=&#8221;Annual Report 2018&#8243; font_container=&#8221;tag:h3|text_align:center&#8221; use_theme_fonts=&#8221;yes&#8221; link=&#8221;url:https%3A%2F%2Fwww.hepaoffice.com.tr%2Fen%2Fannual-report-2018%2F||target:%20_blank|&#8221;][vc_empty_space height=&#8221;22px&#8221;][vc_single_image image=&#8221;250&#8243; img_size=&#8221;full&#8221; alignment=&#8221;center&#8221; onclick=&#8221;custom_link&#8221; img_link_target=&#8221;_blank&#8221; css_animation=&#8221;fadeIn&#8221; link=&#8221;https:\/\/www.hepaoffice.com.tr\/en\/annual-report-2017\/&#8221;][vc_custom_heading text=&#8221;Annual Report 2017&#8243; font_container=&#8221;tag:h3|text_align:center&#8221; use_theme_fonts=&#8221;yes&#8221; link=&#8221;url:https%3A%2F%2Fwww.hepaoffice.com.tr%2Fen%2Fannual-report-2017%2F||target:%20_blank|&#8221;][vc_empty_space height=&#8221;22px&#8221;][vc_single_image image=&#8221;247&#8243; img_size=&#8221;full&#8221; alignment=&#8221;center&#8221; onclick=&#8221;custom_link&#8221; img_link_target=&#8221;_blank&#8221; css_animation=&#8221;fadeIn&#8221; link=&#8221;https:\/\/www.hepaoffice.com.tr\/en\/annual-report-2016\/&#8221;][vc_custom_heading text=&#8221;Annual Report 2016&#8243; font_container=&#8221;tag:h3|text_align:center&#8221; use_theme_fonts=&#8221;yes&#8221; link=&#8221;url:https%3A%2F%2Fwww.hepaoffice.com.tr%2Fen%2Fannual-report-2016%2F||target:%20_blank|&#8221;][\/vc_column][\/vc_row]<\/p>\n<\/div>","protected":false},"excerpt":{"rendered":"<p>[vc_row gap=&#8221;35&#8243; full_height=&#8221;yes&#8221; bg_type=&#8221;bg_color&#8221; ult_hide_row=&#8221;ult_hide_row_value&#8221; ult_hide_row_mobile=&#8221;mobile&#8221; ult_hide_row_mobile_large=&#8221;xl_mobile&#8221;][vc_column width=&#8221;1\/3&#8243;][vc_single_image image=&#8221;6100&#8243; img_size=&#8221;full&#8221; alignment=&#8221;center&#8221; onclick=&#8221;custom_link&#8221; img_link_target=&#8221;_blank&#8221; css_animation=&#8221;fadeIn&#8221; css=&#8221;.vc_custom_1758555640230{border-top-width: 1px !important;border-right-width: 1px !important;border-bottom-width: 1px !important;border-left-width: 1px !important;border-left-style: solid !important;border-right-style: solid !important;border-top-style: solid !important;border-bottom-style: solid !important;border-color: #00428B !important;}&#8221; link=&#8221;https:\/\/www.hepaoffice.com.tr\/en\/annual-report-2024\/&#8221;][vc_custom_heading text=&#8221;Annual Report 2024&#8243; font_container=&#8221;tag:h4|text_align:center&#8221; use_theme_fonts=&#8221;yes&#8221; css=&#8221;&#8221; link=&#8221;url:https%3A%2F%2Fwww.hepaoffice.com.tr%2Fen%2Fannual-report-2024%2F|title:Annual%20Report%202024|target:_blank&#8221;][\/vc_column][vc_column width=&#8221;1\/3&#8243;][vc_single_image image=&#8221;5817&#8243; img_size=&#8221;full&#8221; alignment=&#8221;center&#8221; onclick=&#8221;custom_link&#8221; img_link_target=&#8221;_blank&#8221; css_animation=&#8221;fadeIn&#8221; css=&#8221;&#8221; link=&#8221;https:\/\/www.hepaoffice.com.tr\/en\/annual-report-2023\/&#8221;][vc_custom_heading text=&#8221;Annual Report 2023&#8243; font_container=&#8221;tag:h4|text_align:center&#8221; use_theme_fonts=&#8221;yes&#8221;&hellip;<\/p>\n","protected":false},"author":8,"featured_media":0,"parent":0,"menu_order":0,"comment_status":"closed","ping_status":"closed","template":"","meta":{"h5ap_radio_sources":[],"footnotes":""},"class_list":["post-1947","page","type-page","status-publish","hentry","description-off"],"yoast_head":"<!-- This site is optimized with the Yoast SEO plugin v26.8 - https:\/\/yoast.com\/product\/yoast-seo-wordpress\/ -->\n<title>Annual Report - HEPA Office T\u00fcrkiye<\/title>\n<meta name=\"robots\" content=\"index, follow, max-snippet:-1, max-image-preview:large, max-video-preview:-1\" \/>\n<link rel=\"canonical\" href=\"https:\/\/www.hepaoffice.com.tr\/en\/annual-report\/\" \/>\n<meta property=\"og:locale\" content=\"en_US\" \/>\n<meta property=\"og:type\" content=\"article\" \/>\n<meta property=\"og:title\" content=\"Annual Report - HEPA Office T\u00fcrkiye\" \/>\n<meta property=\"og:description\" content=\"[vc_row gap=&#8221;35&#8243; full_height=&#8221;yes&#8221; bg_type=&#8221;bg_color&#8221; ult_hide_row=&#8221;ult_hide_row_value&#8221; ult_hide_row_mobile=&#8221;mobile&#8221; ult_hide_row_mobile_large=&#8221;xl_mobile&#8221;][vc_column width=&#8221;1\/3&#8243;][vc_single_image image=&#8221;6100&#8243; img_size=&#8221;full&#8221; alignment=&#8221;center&#8221; onclick=&#8221;custom_link&#8221; img_link_target=&#8221;_blank&#8221; css_animation=&#8221;fadeIn&#8221; css=&#8221;.vc_custom_1758555640230{border-top-width: 1px !important;border-right-width: 1px !important;border-bottom-width: 1px !important;border-left-width: 1px !important;border-left-style: solid !important;border-right-style: solid !important;border-top-style: solid !important;border-bottom-style: solid !important;border-color: #00428B !important;}&#8221; link=&#8221;https:\/\/www.hepaoffice.com.tr\/en\/annual-report-2024\/&#8221;][vc_custom_heading text=&#8221;Annual Report 2024&#8243; font_container=&#8221;tag:h4|text_align:center&#8221; use_theme_fonts=&#8221;yes&#8221; css=&#8221;&#8221; link=&#8221;url:https%3A%2F%2Fwww.hepaoffice.com.tr%2Fen%2Fannual-report-2024%2F|title:Annual%20Report%202024|target:_blank&#8221;][\/vc_column][vc_column width=&#8221;1\/3&#8243;][vc_single_image image=&#8221;5817&#8243; img_size=&#8221;full&#8221; alignment=&#8221;center&#8221; onclick=&#8221;custom_link&#8221; img_link_target=&#8221;_blank&#8221; css_animation=&#8221;fadeIn&#8221; css=&#8221;&#8221; link=&#8221;https:\/\/www.hepaoffice.com.tr\/en\/annual-report-2023\/&#8221;][vc_custom_heading text=&#8221;Annual Report 2023&#8243; font_container=&#8221;tag:h4|text_align:center&#8221; use_theme_fonts=&#8221;yes&#8221;&hellip;\" \/>\n<meta property=\"og:url\" content=\"https:\/\/www.hepaoffice.com.tr\/en\/annual-report\/\" \/>\n<meta property=\"og:site_name\" content=\"HEPA Office T\u00fcrkiye\" \/>\n<meta property=\"article:modified_time\" content=\"2025-09-22T15:41:42+00:00\" \/>\n<meta name=\"twitter:card\" content=\"summary_large_image\" \/>\n<meta name=\"twitter:label1\" content=\"Est. reading time\" \/>\n\t<meta name=\"twitter:data1\" content=\"3 minutes\" \/>\n<script type=\"application\/ld+json\" class=\"yoast-schema-graph\">{\"@context\":\"https:\/\/schema.org\",\"@graph\":[{\"@type\":\"WebPage\",\"@id\":\"https:\/\/www.hepaoffice.com.tr\/en\/annual-report\/\",\"url\":\"https:\/\/www.hepaoffice.com.tr\/en\/annual-report\/\",\"name\":\"Annual Report - HEPA Office T\u00fcrkiye\",\"isPartOf\":{\"@id\":\"https:\/\/www.hepaoffice.com.tr\/#website\"},\"datePublished\":\"2020-01-09T11:27:48+00:00\",\"dateModified\":\"2025-09-22T15:41:42+00:00\",\"breadcrumb\":{\"@id\":\"https:\/\/www.hepaoffice.com.tr\/en\/annual-report\/#breadcrumb\"},\"inLanguage\":\"en-US\",\"potentialAction\":[{\"@type\":\"ReadAction\",\"target\":[\"https:\/\/www.hepaoffice.com.tr\/en\/annual-report\/\"]}]},{\"@type\":\"BreadcrumbList\",\"@id\":\"https:\/\/www.hepaoffice.com.tr\/en\/annual-report\/#breadcrumb\",\"itemListElement\":[{\"@type\":\"ListItem\",\"position\":1,\"name\":\"Ana sayfa\",\"item\":\"https:\/\/www.hepaoffice.com.tr\/en\/\"},{\"@type\":\"ListItem\",\"position\":2,\"name\":\"Annual Report\"}]},{\"@type\":\"WebSite\",\"@id\":\"https:\/\/www.hepaoffice.com.tr\/#website\",\"url\":\"https:\/\/www.hepaoffice.com.tr\/\",\"name\":\"HEPA Office T\u00fcrkiye\",\"description\":\"Macaristan \u0130hracat\u0131 Te\u015fvik Ajans\u0131\",\"potentialAction\":[{\"@type\":\"SearchAction\",\"target\":{\"@type\":\"EntryPoint\",\"urlTemplate\":\"https:\/\/www.hepaoffice.com.tr\/?s={search_term_string}\"},\"query-input\":{\"@type\":\"PropertyValueSpecification\",\"valueRequired\":true,\"valueName\":\"search_term_string\"}}],\"inLanguage\":\"en-US\"}]}<\/script>\n<!-- \/ Yoast SEO plugin. -->","yoast_head_json":{"title":"Annual Report - HEPA Office T\u00fcrkiye","robots":{"index":"index","follow":"follow","max-snippet":"max-snippet:-1","max-image-preview":"max-image-preview:large","max-video-preview":"max-video-preview:-1"},"canonical":"https:\/\/www.hepaoffice.com.tr\/en\/annual-report\/","og_locale":"en_US","og_type":"article","og_title":"Annual Report - HEPA Office T\u00fcrkiye","og_description":"[vc_row gap=&#8221;35&#8243; full_height=&#8221;yes&#8221; bg_type=&#8221;bg_color&#8221; ult_hide_row=&#8221;ult_hide_row_value&#8221; ult_hide_row_mobile=&#8221;mobile&#8221; ult_hide_row_mobile_large=&#8221;xl_mobile&#8221;][vc_column width=&#8221;1\/3&#8243;][vc_single_image image=&#8221;6100&#8243; img_size=&#8221;full&#8221; alignment=&#8221;center&#8221; onclick=&#8221;custom_link&#8221; img_link_target=&#8221;_blank&#8221; css_animation=&#8221;fadeIn&#8221; css=&#8221;.vc_custom_1758555640230{border-top-width: 1px !important;border-right-width: 1px !important;border-bottom-width: 1px !important;border-left-width: 1px !important;border-left-style: solid !important;border-right-style: solid !important;border-top-style: solid !important;border-bottom-style: solid !important;border-color: #00428B !important;}&#8221; link=&#8221;https:\/\/www.hepaoffice.com.tr\/en\/annual-report-2024\/&#8221;][vc_custom_heading text=&#8221;Annual Report 2024&#8243; font_container=&#8221;tag:h4|text_align:center&#8221; use_theme_fonts=&#8221;yes&#8221; css=&#8221;&#8221; link=&#8221;url:https%3A%2F%2Fwww.hepaoffice.com.tr%2Fen%2Fannual-report-2024%2F|title:Annual%20Report%202024|target:_blank&#8221;][\/vc_column][vc_column width=&#8221;1\/3&#8243;][vc_single_image image=&#8221;5817&#8243; img_size=&#8221;full&#8221; alignment=&#8221;center&#8221; onclick=&#8221;custom_link&#8221; img_link_target=&#8221;_blank&#8221; css_animation=&#8221;fadeIn&#8221; css=&#8221;&#8221; link=&#8221;https:\/\/www.hepaoffice.com.tr\/en\/annual-report-2023\/&#8221;][vc_custom_heading text=&#8221;Annual Report 2023&#8243; font_container=&#8221;tag:h4|text_align:center&#8221; use_theme_fonts=&#8221;yes&#8221;&hellip;","og_url":"https:\/\/www.hepaoffice.com.tr\/en\/annual-report\/","og_site_name":"HEPA Office T\u00fcrkiye","article_modified_time":"2025-09-22T15:41:42+00:00","twitter_card":"summary_large_image","twitter_misc":{"Est. reading time":"3 minutes"},"schema":{"@context":"https:\/\/schema.org","@graph":[{"@type":"WebPage","@id":"https:\/\/www.hepaoffice.com.tr\/en\/annual-report\/","url":"https:\/\/www.hepaoffice.com.tr\/en\/annual-report\/","name":"Annual Report - HEPA Office T\u00fcrkiye","isPartOf":{"@id":"https:\/\/www.hepaoffice.com.tr\/#website"},"datePublished":"2020-01-09T11:27:48+00:00","dateModified":"2025-09-22T15:41:42+00:00","breadcrumb":{"@id":"https:\/\/www.hepaoffice.com.tr\/en\/annual-report\/#breadcrumb"},"inLanguage":"en-US","potentialAction":[{"@type":"ReadAction","target":["https:\/\/www.hepaoffice.com.tr\/en\/annual-report\/"]}]},{"@type":"BreadcrumbList","@id":"https:\/\/www.hepaoffice.com.tr\/en\/annual-report\/#breadcrumb","itemListElement":[{"@type":"ListItem","position":1,"name":"Ana sayfa","item":"https:\/\/www.hepaoffice.com.tr\/en\/"},{"@type":"ListItem","position":2,"name":"Annual Report"}]},{"@type":"WebSite","@id":"https:\/\/www.hepaoffice.com.tr\/#website","url":"https:\/\/www.hepaoffice.com.tr\/","name":"HEPA Office T\u00fcrkiye","description":"Macaristan \u0130hracat\u0131 Te\u015fvik Ajans\u0131","potentialAction":[{"@type":"SearchAction","target":{"@type":"EntryPoint","urlTemplate":"https:\/\/www.hepaoffice.com.tr\/?s={search_term_string}"},"query-input":{"@type":"PropertyValueSpecification","valueRequired":true,"valueName":"search_term_string"}}],"inLanguage":"en-US"}]}},"_links":{"self":[{"href":"https:\/\/www.hepaoffice.com.tr\/en\/wp-json\/wp\/v2\/pages\/1947","targetHints":{"allow":["GET"]}}],"collection":[{"href":"https:\/\/www.hepaoffice.com.tr\/en\/wp-json\/wp\/v2\/pages"}],"about":[{"href":"https:\/\/www.hepaoffice.com.tr\/en\/wp-json\/wp\/v2\/types\/page"}],"author":[{"embeddable":true,"href":"https:\/\/www.hepaoffice.com.tr\/en\/wp-json\/wp\/v2\/users\/8"}],"replies":[{"embeddable":true,"href":"https:\/\/www.hepaoffice.com.tr\/en\/wp-json\/wp\/v2\/comments?post=1947"}],"version-history":[{"count":0,"href":"https:\/\/www.hepaoffice.com.tr\/en\/wp-json\/wp\/v2\/pages\/1947\/revisions"}],"wp:attachment":[{"href":"https:\/\/www.hepaoffice.com.tr\/en\/wp-json\/wp\/v2\/media?parent=1947"}],"curies":[{"name":"wp","href":"https:\/\/api.w.org\/{rel}","templated":true}]}}