{"id":1864,"date":"2020-01-09T10:18:04","date_gmt":"2020-01-09T10:18:04","guid":{"rendered":"http:\/\/www.hepaoffice.com.tr\/?page_id=1864"},"modified":"2021-06-16T13:06:37","modified_gmt":"2021-06-16T13:06:37","slug":"hungarian-export-promotion-agency-hepa","status":"publish","type":"page","link":"https:\/\/www.hepaoffice.com.tr\/en\/hungarian-export-promotion-agency-hepa\/","title":{"rendered":"Hungarian Export Promotion Agency (HEPA)"},"content":{"rendered":"<div class=\"wpb-content-wrapper\"><p>[vc_row][vc_column width=&#8221;2\/3&#8243;][vc_column_text]Growth in export over the last years shows that Hungarian products are competitive at a global level. Companies from Hungary offer high quality, world-class and innovative products in several industries, our brave entrepreneurs believe more and more in being succesful outside the Hungarian borders. [\/vc_column_text][vc_column_text]Being a government institution HEPA Hungarian Export Promotion Agency aims at providing high quality services in order to support the further export success of Hungarian enterprises and improve the country\u2019s international image. We work in close co-operation with other state-owned, economic background institutions.[\/vc_column_text][vc_column_text]My mission is to see more and more quality Hungarian products available in the international markets and Hungarian brands becoming internationally known. Our agency offers its economic diplomatic and business network as well as promotional services to achieve this goal.[\/vc_column_text][vc_column_text]I hope to reach these goals in co-operation with you and see you among our partners.[\/vc_column_text][\/vc_column][vc_column width=&#8221;1\/3&#8243;][vc_single_image image=&#8221;4313&#8243; img_size=&#8221;191&#215;320&#8243; alignment=&#8221;center&#8221; image_hovers=&#8221;false&#8221;][vc_column_text]<\/p>\n<h5 style=\"text-align: center;\">Dr. Krist\u00f3f Szab\u00f3<br \/>\n<em>CEO<\/em><\/h5>\n<p>[\/vc_column_text][\/vc_column][\/vc_row]<\/p>\n<\/div>","protected":false},"excerpt":{"rendered":"<p>[vc_row][vc_column width=&#8221;2\/3&#8243;][vc_column_text]Growth in export over the last years shows that Hungarian products are competitive at a global level. Companies from Hungary offer high quality, world-class and innovative products in several industries, our brave entrepreneurs believe more and more in being succesful outside the Hungarian borders. [\/vc_column_text][vc_column_text]Being a government institution HEPA Hungarian Export Promotion Agency aims&hellip;<\/p>\n","protected":false},"author":8,"featured_media":0,"parent":0,"menu_order":0,"comment_status":"closed","ping_status":"closed","template":"","meta":{"h5ap_radio_sources":[],"footnotes":""},"class_list":["post-1864","page","type-page","status-publish","hentry","description-off"],"yoast_head":"<!-- This site is optimized with the Yoast SEO plugin v26.8 - https:\/\/yoast.com\/product\/yoast-seo-wordpress\/ -->\n<title>Hungarian Export Promotion Agency (HEPA) - HEPA Office T\u00fcrkiye<\/title>\n<meta name=\"robots\" content=\"index, follow, max-snippet:-1, max-image-preview:large, max-video-preview:-1\" \/>\n<link rel=\"canonical\" href=\"https:\/\/www.hepaoffice.com.tr\/en\/hungarian-export-promotion-agency-hepa\/\" \/>\n<meta property=\"og:locale\" content=\"en_US\" \/>\n<meta property=\"og:type\" content=\"article\" \/>\n<meta property=\"og:title\" content=\"Hungarian Export Promotion Agency (HEPA) - HEPA Office T\u00fcrkiye\" \/>\n<meta property=\"og:description\" content=\"[vc_row][vc_column width=&#8221;2\/3&#8243;][vc_column_text]Growth in export over the last years shows that Hungarian products are competitive at a global level. Companies from Hungary offer high quality, world-class and innovative products in several industries, our brave entrepreneurs believe more and more in being succesful outside the Hungarian borders. [\/vc_column_text][vc_column_text]Being a government institution HEPA Hungarian Export Promotion Agency aims&hellip;\" \/>\n<meta property=\"og:url\" content=\"https:\/\/www.hepaoffice.com.tr\/en\/hungarian-export-promotion-agency-hepa\/\" \/>\n<meta property=\"og:site_name\" content=\"HEPA Office T\u00fcrkiye\" \/>\n<meta property=\"article:modified_time\" content=\"2021-06-16T13:06:37+00:00\" \/>\n<meta name=\"twitter:card\" content=\"summary_large_image\" \/>\n<meta name=\"twitter:label1\" content=\"Est. reading time\" \/>\n\t<meta name=\"twitter:data1\" content=\"1 minute\" \/>\n<script type=\"application\/ld+json\" class=\"yoast-schema-graph\">{\"@context\":\"https:\/\/schema.org\",\"@graph\":[{\"@type\":\"WebPage\",\"@id\":\"https:\/\/www.hepaoffice.com.tr\/en\/hungarian-export-promotion-agency-hepa\/\",\"url\":\"https:\/\/www.hepaoffice.com.tr\/en\/hungarian-export-promotion-agency-hepa\/\",\"name\":\"Hungarian Export Promotion Agency (HEPA) - HEPA Office T\u00fcrkiye\",\"isPartOf\":{\"@id\":\"https:\/\/www.hepaoffice.com.tr\/#website\"},\"datePublished\":\"2020-01-09T10:18:04+00:00\",\"dateModified\":\"2021-06-16T13:06:37+00:00\",\"breadcrumb\":{\"@id\":\"https:\/\/www.hepaoffice.com.tr\/en\/hungarian-export-promotion-agency-hepa\/#breadcrumb\"},\"inLanguage\":\"en-US\",\"potentialAction\":[{\"@type\":\"ReadAction\",\"target\":[\"https:\/\/www.hepaoffice.com.tr\/en\/hungarian-export-promotion-agency-hepa\/\"]}]},{\"@type\":\"BreadcrumbList\",\"@id\":\"https:\/\/www.hepaoffice.com.tr\/en\/hungarian-export-promotion-agency-hepa\/#breadcrumb\",\"itemListElement\":[{\"@type\":\"ListItem\",\"position\":1,\"name\":\"Ana sayfa\",\"item\":\"https:\/\/www.hepaoffice.com.tr\/en\/\"},{\"@type\":\"ListItem\",\"position\":2,\"name\":\"Hungarian Export Promotion Agency (HEPA)\"}]},{\"@type\":\"WebSite\",\"@id\":\"https:\/\/www.hepaoffice.com.tr\/#website\",\"url\":\"https:\/\/www.hepaoffice.com.tr\/\",\"name\":\"HEPA Office T\u00fcrkiye\",\"description\":\"Macaristan \u0130hracat\u0131 Te\u015fvik Ajans\u0131\",\"potentialAction\":[{\"@type\":\"SearchAction\",\"target\":{\"@type\":\"EntryPoint\",\"urlTemplate\":\"https:\/\/www.hepaoffice.com.tr\/?s={search_term_string}\"},\"query-input\":{\"@type\":\"PropertyValueSpecification\",\"valueRequired\":true,\"valueName\":\"search_term_string\"}}],\"inLanguage\":\"en-US\"}]}<\/script>\n<!-- \/ Yoast SEO plugin. -->","yoast_head_json":{"title":"Hungarian Export Promotion Agency (HEPA) - HEPA Office T\u00fcrkiye","robots":{"index":"index","follow":"follow","max-snippet":"max-snippet:-1","max-image-preview":"max-image-preview:large","max-video-preview":"max-video-preview:-1"},"canonical":"https:\/\/www.hepaoffice.com.tr\/en\/hungarian-export-promotion-agency-hepa\/","og_locale":"en_US","og_type":"article","og_title":"Hungarian Export Promotion Agency (HEPA) - HEPA Office T\u00fcrkiye","og_description":"[vc_row][vc_column width=&#8221;2\/3&#8243;][vc_column_text]Growth in export over the last years shows that Hungarian products are competitive at a global level. Companies from Hungary offer high quality, world-class and innovative products in several industries, our brave entrepreneurs believe more and more in being succesful outside the Hungarian borders. [\/vc_column_text][vc_column_text]Being a government institution HEPA Hungarian Export Promotion Agency aims&hellip;","og_url":"https:\/\/www.hepaoffice.com.tr\/en\/hungarian-export-promotion-agency-hepa\/","og_site_name":"HEPA Office T\u00fcrkiye","article_modified_time":"2021-06-16T13:06:37+00:00","twitter_card":"summary_large_image","twitter_misc":{"Est. reading time":"1 minute"},"schema":{"@context":"https:\/\/schema.org","@graph":[{"@type":"WebPage","@id":"https:\/\/www.hepaoffice.com.tr\/en\/hungarian-export-promotion-agency-hepa\/","url":"https:\/\/www.hepaoffice.com.tr\/en\/hungarian-export-promotion-agency-hepa\/","name":"Hungarian Export Promotion Agency (HEPA) - HEPA Office T\u00fcrkiye","isPartOf":{"@id":"https:\/\/www.hepaoffice.com.tr\/#website"},"datePublished":"2020-01-09T10:18:04+00:00","dateModified":"2021-06-16T13:06:37+00:00","breadcrumb":{"@id":"https:\/\/www.hepaoffice.com.tr\/en\/hungarian-export-promotion-agency-hepa\/#breadcrumb"},"inLanguage":"en-US","potentialAction":[{"@type":"ReadAction","target":["https:\/\/www.hepaoffice.com.tr\/en\/hungarian-export-promotion-agency-hepa\/"]}]},{"@type":"BreadcrumbList","@id":"https:\/\/www.hepaoffice.com.tr\/en\/hungarian-export-promotion-agency-hepa\/#breadcrumb","itemListElement":[{"@type":"ListItem","position":1,"name":"Ana sayfa","item":"https:\/\/www.hepaoffice.com.tr\/en\/"},{"@type":"ListItem","position":2,"name":"Hungarian Export Promotion Agency (HEPA)"}]},{"@type":"WebSite","@id":"https:\/\/www.hepaoffice.com.tr\/#website","url":"https:\/\/www.hepaoffice.com.tr\/","name":"HEPA Office T\u00fcrkiye","description":"Macaristan \u0130hracat\u0131 Te\u015fvik Ajans\u0131","potentialAction":[{"@type":"SearchAction","target":{"@type":"EntryPoint","urlTemplate":"https:\/\/www.hepaoffice.com.tr\/?s={search_term_string}"},"query-input":{"@type":"PropertyValueSpecification","valueRequired":true,"valueName":"search_term_string"}}],"inLanguage":"en-US"}]}},"_links":{"self":[{"href":"https:\/\/www.hepaoffice.com.tr\/en\/wp-json\/wp\/v2\/pages\/1864","targetHints":{"allow":["GET"]}}],"collection":[{"href":"https:\/\/www.hepaoffice.com.tr\/en\/wp-json\/wp\/v2\/pages"}],"about":[{"href":"https:\/\/www.hepaoffice.com.tr\/en\/wp-json\/wp\/v2\/types\/page"}],"author":[{"embeddable":true,"href":"https:\/\/www.hepaoffice.com.tr\/en\/wp-json\/wp\/v2\/users\/8"}],"replies":[{"embeddable":true,"href":"https:\/\/www.hepaoffice.com.tr\/en\/wp-json\/wp\/v2\/comments?post=1864"}],"version-history":[{"count":0,"href":"https:\/\/www.hepaoffice.com.tr\/en\/wp-json\/wp\/v2\/pages\/1864\/revisions"}],"wp:attachment":[{"href":"https:\/\/www.hepaoffice.com.tr\/en\/wp-json\/wp\/v2\/media?parent=1864"}],"curies":[{"name":"wp","href":"https:\/\/api.w.org\/{rel}","templated":true}]}}